{"id":48,"date":"2026-03-19T18:46:24","date_gmt":"2026-03-19T17:46:24","guid":{"rendered":"https:\/\/lesfranglaises.fr\/?page_id=48"},"modified":"2026-03-25T18:35:06","modified_gmt":"2026-03-25T17:35:06","slug":"le-spectacle","status":"publish","type":"page","link":"https:\/\/lesfranglaises.fr\/index.php\/le-spectacle\/","title":{"rendered":"Le Spectacle"},"content":{"rendered":"\n<div class=\"wp-block-media-text is-stacked-on-mobile is-image-fill-element has-background\" style=\"background-color:#00000030;grid-template-columns:60% auto\"><figure class=\"wp-block-media-text__media\"><img loading=\"lazy\" decoding=\"async\" width=\"1024\" height=\"640\" src=\"https:\/\/lesfranglaises.fr\/wp-content\/uploads\/2026\/03\/Les-Franglaises-Bobino-2023-2024-Spectacle-2-1024x640.jpg\" alt=\"\" class=\"wp-image-49 size-full\" style=\"object-position:50% 50%\" srcset=\"https:\/\/lesfranglaises.fr\/wp-content\/uploads\/2026\/03\/Les-Franglaises-Bobino-2023-2024-Spectacle-2-1024x640.jpg 1024w, https:\/\/lesfranglaises.fr\/wp-content\/uploads\/2026\/03\/Les-Franglaises-Bobino-2023-2024-Spectacle-2-300x188.jpg 300w, https:\/\/lesfranglaises.fr\/wp-content\/uploads\/2026\/03\/Les-Franglaises-Bobino-2023-2024-Spectacle-2-768x480.jpg 768w, https:\/\/lesfranglaises.fr\/wp-content\/uploads\/2026\/03\/Les-Franglaises-Bobino-2023-2024-Spectacle-2-1536x960.jpg 1536w, https:\/\/lesfranglaises.fr\/wp-content\/uploads\/2026\/03\/Les-Franglaises-Bobino-2023-2024-Spectacle-2-2048x1280.jpg 2048w\" sizes=\"auto, (max-width: 1024px) 100vw, 1024px\" \/><\/figure><div class=\"wp-block-media-text__content\">\n<div class=\"wp-block-group is-style-default is-layout-flow wp-block-group-is-layout-flow\" style=\"padding-top:var(--wp--preset--spacing--30);padding-right:0;padding-bottom:var(--wp--preset--spacing--30);padding-left:0\">\n<p class=\"is-style-default has-oswald-font-family\" style=\"margin-top:0;margin-right:0;margin-bottom:0;margin-left:0;font-size:clamp(0.875rem, 0.875rem + ((1vw - 0.2rem) * 0.469), 1.25rem);\"><strong>Les Franglaises<\/strong>, c\u2019est le spectacle musical culte qui traduit <strong>les grands succ\u00e8s du r\u00e9pertoire anglophone de la mani\u00e8re la plus litt\u00e9rale et la plus absurde qui soit !<\/strong><br><br>De Michel Fils-de-Jacques (Michael Jackson) \u00e0 Reine (Queen) en passant par les Scarab\u00e9es (The Beatles) et les Filles \u00e9pice (Spice Girls), <strong>Les Franglaises vous r\u00e9v\u00e8lent \u00e0 travers un \u00ab test aveugle \u00bb compl\u00e8tement d\u00e9jant\u00e9 le v\u00e9ritable sens des plus grands tubes de ces artistes mondiaux.<br><br><\/strong>Intrigues, suspens et rebondissements, tout est \u00e9tonnement pendant pr\u00e8s de 2h.<br><br><strong>Les Franglaises, c\u2019est pas vraiment Bollywood \u00e0 Los Angeles, mais c\u2019est presque Broadway \u00e0 Paris !<\/strong><\/p>\n<\/div>\n<\/div><\/div>\n\n\n\n<figure class=\"wp-block-image size-full\" style=\"margin-top:0;margin-bottom:var(--wp--preset--spacing--50)\"><a href=\"https:\/\/www.canalplus.com\/divertissement\/les-franglaises-bonjour-au-revoir\/h\/28701130_50262\/resume-casting\/\"><img loading=\"lazy\" decoding=\"async\" width=\"1897\" height=\"843\" src=\"https:\/\/lesfranglaises.fr\/wp-content\/uploads\/2026\/03\/FranglaisesCanal.png\" alt=\"Lien vers le spectacle sur Canal +\" class=\"wp-image-126\" srcset=\"https:\/\/lesfranglaises.fr\/wp-content\/uploads\/2026\/03\/FranglaisesCanal.png 1897w, https:\/\/lesfranglaises.fr\/wp-content\/uploads\/2026\/03\/FranglaisesCanal-300x133.png 300w, https:\/\/lesfranglaises.fr\/wp-content\/uploads\/2026\/03\/FranglaisesCanal-1024x455.png 1024w, https:\/\/lesfranglaises.fr\/wp-content\/uploads\/2026\/03\/FranglaisesCanal-768x341.png 768w, https:\/\/lesfranglaises.fr\/wp-content\/uploads\/2026\/03\/FranglaisesCanal-1536x683.png 1536w\" sizes=\"auto, (max-width: 1897px) 100vw, 1897px\" \/><\/a><\/figure>\n\n\n\n<p><\/p>\n","protected":false},"excerpt":{"rendered":"","protected":false},"author":1,"featured_media":0,"parent":0,"menu_order":0,"comment_status":"closed","ping_status":"closed","template":"","meta":{"footnotes":""},"class_list":["post-48","page","type-page","status-publish","hentry"],"_links":{"self":[{"href":"https:\/\/lesfranglaises.fr\/index.php\/wp-json\/wp\/v2\/pages\/48","targetHints":{"allow":["GET"]}}],"collection":[{"href":"https:\/\/lesfranglaises.fr\/index.php\/wp-json\/wp\/v2\/pages"}],"about":[{"href":"https:\/\/lesfranglaises.fr\/index.php\/wp-json\/wp\/v2\/types\/page"}],"author":[{"embeddable":true,"href":"https:\/\/lesfranglaises.fr\/index.php\/wp-json\/wp\/v2\/users\/1"}],"replies":[{"embeddable":true,"href":"https:\/\/lesfranglaises.fr\/index.php\/wp-json\/wp\/v2\/comments?post=48"}],"version-history":[{"count":34,"href":"https:\/\/lesfranglaises.fr\/index.php\/wp-json\/wp\/v2\/pages\/48\/revisions"}],"predecessor-version":[{"id":190,"href":"https:\/\/lesfranglaises.fr\/index.php\/wp-json\/wp\/v2\/pages\/48\/revisions\/190"}],"wp:attachment":[{"href":"https:\/\/lesfranglaises.fr\/index.php\/wp-json\/wp\/v2\/media?parent=48"}],"curies":[{"name":"wp","href":"https:\/\/api.w.org\/{rel}","templated":true}]}}