{"id":7,"date":"2026-03-16T17:26:29","date_gmt":"2026-03-16T16:26:29","guid":{"rendered":"https:\/\/lesfranglaises.fr\/?page_id=7"},"modified":"2026-03-25T19:30:42","modified_gmt":"2026-03-25T18:30:42","slug":"7-2","status":"publish","type":"page","link":"https:\/\/lesfranglaises.fr\/","title":{"rendered":"Accueil"},"content":{"rendered":"\n<div class=\"wp-block-media-text is-stacked-on-mobile is-image-fill-element has-background\" style=\"background-color:#12121224;margin-top:0;margin-right:0;margin-bottom:0;margin-left:0;grid-template-columns:60% auto\"><figure class=\"wp-block-media-text__media\"><img loading=\"lazy\" decoding=\"async\" width=\"1024\" height=\"683\" src=\"https:\/\/lesfranglaises.fr\/wp-content\/uploads\/2026\/03\/Franglaises-Olympia14.12.15-19h-c-LauraGilli-200-1-1024x683.jpg\" alt=\"\" class=\"wp-image-202 size-full\" style=\"object-position:50% 50%\" srcset=\"https:\/\/lesfranglaises.fr\/wp-content\/uploads\/2026\/03\/Franglaises-Olympia14.12.15-19h-c-LauraGilli-200-1-1024x683.jpg 1024w, https:\/\/lesfranglaises.fr\/wp-content\/uploads\/2026\/03\/Franglaises-Olympia14.12.15-19h-c-LauraGilli-200-1-300x200.jpg 300w, https:\/\/lesfranglaises.fr\/wp-content\/uploads\/2026\/03\/Franglaises-Olympia14.12.15-19h-c-LauraGilli-200-1-768x512.jpg 768w, https:\/\/lesfranglaises.fr\/wp-content\/uploads\/2026\/03\/Franglaises-Olympia14.12.15-19h-c-LauraGilli-200-1-1536x1024.jpg 1536w, https:\/\/lesfranglaises.fr\/wp-content\/uploads\/2026\/03\/Franglaises-Olympia14.12.15-19h-c-LauraGilli-200-1-2048x1365.jpg 2048w\" sizes=\"auto, (max-width: 1024px) 100vw, 1024px\" \/><\/figure><div class=\"wp-block-media-text__content\">\n<div class=\"wp-block-group has-large-font-size has-global-padding is-content-justification-left is-layout-constrained wp-container-core-group-is-layout-d6031640 wp-block-group-is-layout-constrained\" style=\"padding-top:var(--wp--preset--spacing--30);padding-bottom:var(--wp--preset--spacing--30)\">\n<p class=\"has-text-align-left\" style=\"font-size:clamp(0.875rem, 0.875rem + ((1vw - 0.2rem) * 0.469), 1.25rem);font-style:normal;font-weight:400\">Tout a une fin (sauf le saucisson qui en a deux). <\/p>\n\n\n\n<p class=\"has-text-align-left\" style=\"margin-right:0;margin-left:0;padding-top:0;padding-right:0;padding-bottom:0;padding-left:0;font-size:clamp(0.875rem, 0.875rem + ((1vw - 0.2rem) * 0.469), 1.25rem);font-style:normal;font-weight:400;line-height:1.5\">En 2025, nous avons f\u00eat\u00e9 les 15 ans de notre spectacle qui est devenu, \u00e0 force d\u2019acharnement, de foi et de chance, un projet de vie.<\/p>\n\n\n\n<div class=\"wp-block-group is-nowrap is-layout-flex wp-container-core-group-is-layout-6c531013 wp-block-group-is-layout-flex\">\n<p style=\"font-size:clamp(0.875rem, 0.875rem + ((1vw - 0.2rem) * 0.469), 1.25rem);font-style:normal;font-weight:400\">Pour un projet comme le n\u00f4tre qui a eu la chance inou\u00efe de durer, on ne sait jamais quand commence la saison de trop. D\u00e9cider de s&rsquo;arr\u00eater quand les salles sont pleines, quand la demande est forte et quand le plaisir est intact peut sembler contre-intuitif ou fou.<\/p>\n<\/div>\n\n\n\n<p style=\"padding-top:0;padding-bottom:0;font-size:clamp(0.875rem, 0.875rem + ((1vw - 0.2rem) * 0.469), 1.25rem);font-style:normal;font-weight:400\">C&rsquo;est justement cette ferveur qui nous a fait prendre cette d\u00e9cision. Arr\u00eater avant de lasser ou de se lasser. Arr\u00eater pour utiliser cette \u00e9nergie, pour retourner \u00e0 l&rsquo;atelier et cr\u00e9er d&rsquo;autres choses. Arr\u00eater ensemble pour repartir ensemble. Arr\u00eater peut-\u00eatre aussi pour prot\u00e9ger le souvenir futur, pour nous et le public, de cette histoire extraordinaire&#8230;<\/p>\n<\/div>\n<\/div><\/div>\n\n\n\n<p><\/p>\n","protected":false},"excerpt":{"rendered":"","protected":false},"author":1,"featured_media":0,"parent":0,"menu_order":0,"comment_status":"closed","ping_status":"closed","template":"","meta":{"footnotes":""},"class_list":["post-7","page","type-page","status-publish","hentry"],"_links":{"self":[{"href":"https:\/\/lesfranglaises.fr\/index.php\/wp-json\/wp\/v2\/pages\/7","targetHints":{"allow":["GET"]}}],"collection":[{"href":"https:\/\/lesfranglaises.fr\/index.php\/wp-json\/wp\/v2\/pages"}],"about":[{"href":"https:\/\/lesfranglaises.fr\/index.php\/wp-json\/wp\/v2\/types\/page"}],"author":[{"embeddable":true,"href":"https:\/\/lesfranglaises.fr\/index.php\/wp-json\/wp\/v2\/users\/1"}],"replies":[{"embeddable":true,"href":"https:\/\/lesfranglaises.fr\/index.php\/wp-json\/wp\/v2\/comments?post=7"}],"version-history":[{"count":27,"href":"https:\/\/lesfranglaises.fr\/index.php\/wp-json\/wp\/v2\/pages\/7\/revisions"}],"predecessor-version":[{"id":203,"href":"https:\/\/lesfranglaises.fr\/index.php\/wp-json\/wp\/v2\/pages\/7\/revisions\/203"}],"wp:attachment":[{"href":"https:\/\/lesfranglaises.fr\/index.php\/wp-json\/wp\/v2\/media?parent=7"}],"curies":[{"name":"wp","href":"https:\/\/api.w.org\/{rel}","templated":true}]}}